{"id":524353,"date":"2026-01-04T08:15:48","date_gmt":"2026-01-04T06:15:48","guid":{"rendered":"https:\/\/mobiiliabi.ee\/toode\/bluetooth-portable-speaker-omega-wooden-og60a-microsd-laisvu-ranku-iranga-auxfm-silver\/"},"modified":"2026-03-28T17:12:11","modified_gmt":"2026-03-28T15:12:11","slug":"bluetooth-portable-speaker-omega-wooden-og60a-microsd-laisvu-ranku-iranga-auxfm-silver","status":"publish","type":"product","link":"https:\/\/mobiiliabi.ee\/en\/toode\/bluetooth-portable-speaker-omega-wooden-og60a-microsd-laisvu-ranku-iranga-auxfm-silver\/","title":{"rendered":"Bluetooth portable speaker OMEGA WOODEN OG60A (MicroSD, laisv\u0173 rank\u0173 \u012franga, AUX,FM) silver"},"content":{"rendered":"","protected":false},"excerpt":{"rendered":"","protected":false},"featured_media":162441,"template":"","meta":{"inline_featured_image":false},"product_brand":[],"product_cat":[1975,1973],"product_tag":[963],"class_list":{"0":"post-524353","1":"product","2":"type-product","3":"status-publish","4":"has-post-thumbnail","6":"product_cat-portable-speakers","7":"product_cat-speakers","8":"product_tag-saadaval-pealadu-2-2","10":"first","11":"instock","12":"purchasable","13":"product-type-simple"},"_links":{"self":[{"href":"https:\/\/mobiiliabi.ee\/en\/wp-json\/wp\/v2\/product\/524353","targetHints":{"allow":["GET"]}}],"collection":[{"href":"https:\/\/mobiiliabi.ee\/en\/wp-json\/wp\/v2\/product"}],"about":[{"href":"https:\/\/mobiiliabi.ee\/en\/wp-json\/wp\/v2\/types\/product"}],"version-history":[{"count":1,"href":"https:\/\/mobiiliabi.ee\/en\/wp-json\/wp\/v2\/product\/524353\/revisions"}],"predecessor-version":[{"id":524354,"href":"https:\/\/mobiiliabi.ee\/en\/wp-json\/wp\/v2\/product\/524353\/revisions\/524354"}],"wp:featuredmedia":[{"embeddable":true,"href":"https:\/\/mobiiliabi.ee\/en\/wp-json\/wp\/v2\/media\/162441"}],"wp:attachment":[{"href":"https:\/\/mobiiliabi.ee\/en\/wp-json\/wp\/v2\/media?parent=524353"}],"wp:term":[{"taxonomy":"product_brand","embeddable":true,"href":"https:\/\/mobiiliabi.ee\/en\/wp-json\/wp\/v2\/product_brand?post=524353"},{"taxonomy":"product_cat","embeddable":true,"href":"https:\/\/mobiiliabi.ee\/en\/wp-json\/wp\/v2\/product_cat?post=524353"},{"taxonomy":"product_tag","embeddable":true,"href":"https:\/\/mobiiliabi.ee\/en\/wp-json\/wp\/v2\/product_tag?post=524353"}],"curies":[{"name":"wp","href":"https:\/\/api.w.org\/{rel}","templated":true}]}}