{"id":848,"date":"2025-02-03T11:00:00","date_gmt":"2025-02-03T09:00:00","guid":{"rendered":"https:\/\/mobile.dev2.sdhost.eu\/contacts\/"},"modified":"2026-04-23T12:34:34","modified_gmt":"2026-04-23T09:34:34","slug":"contacts","status":"publish","type":"page","link":"https:\/\/mobiiliabi.ee\/en\/contacts\/","title":{"rendered":"Contacts"},"content":{"rendered":"\t\t<div data-elementor-type=\"wp-page\" data-elementor-id=\"848\" class=\"elementor elementor-848 elementor-272\" data-elementor-post-type=\"page\">\n\t\t\t\t<div class=\"elementor-element elementor-element-2a98bb5 e-flex e-con-boxed e-con e-parent\" data-id=\"2a98bb5\" data-element_type=\"container\" data-e-type=\"container\">\n\t\t\t\t\t<div class=\"e-con-inner\">\n\t\t\t\t<div class=\"elementor-element elementor-element-9499681 elementor-view-default elementor-widget elementor-widget-icon\" data-id=\"9499681\" data-element_type=\"widget\" data-e-type=\"widget\" data-widget_type=\"icon.default\">\n\t\t\t\t<div class=\"elementor-widget-container\">\n\t\t\t\t\t\t\t<div class=\"elementor-icon-wrapper\">\n\t\t\t<a class=\"elementor-icon\" href=\"https:\/\/mobiiliabi.ee\/en\/\">\n\t\t\t<svg xmlns=\"http:\/\/www.w3.org\/2000\/svg\" width=\"5\" height=\"9\" viewBox=\"0 0 5 9\" fill=\"none\"><path d=\"M0.1358 4.58742L3.92316 8.37472C4.01076 8.46239 4.1277 8.51068 4.25238 8.51068C4.37706 8.51068 4.494 8.46239 4.5816 8.37472L4.86051 8.09587C5.042 7.91418 5.042 7.61887 4.86051 7.43744L1.68017 4.2571L4.86404 1.07323C4.95164 0.985565 5 0.868699 5 0.744084C5 0.619331 4.95164 0.502465 4.86404 0.41473L4.58513 0.135956C4.49746 0.0482893 4.38059 -6.72987e-06 4.25591 -6.74077e-06C4.13123 -6.75167e-06 4.01429 0.0482892 3.92669 0.135956L0.1358 3.92671C0.047996 4.01465 -0.000230883 4.13207 4.56714e-05 4.25689C-0.000230905 4.3822 0.0479959 4.49955 0.1358 4.58742Z\" fill=\"#828282\"><\/path><\/svg>\t\t\t<\/a>\n\t\t<\/div>\n\t\t\t\t\t\t<\/div>\n\t\t\t\t<\/div>\n\t\t\t\t<div class=\"elementor-element elementor-element-66c9d3b elementor-widget elementor-widget-heading\" data-id=\"66c9d3b\" data-element_type=\"widget\" data-e-type=\"widget\" data-widget_type=\"heading.default\">\n\t\t\t\t<div class=\"elementor-widget-container\">\n\t\t\t\t\t<span class=\"elementor-heading-title elementor-size-default\">|Contacts<\/span>\t\t\t\t<\/div>\n\t\t\t\t<\/div>\n\t\t\t\t<div class=\"elementor-element elementor-element-14061d3 elementor-widget__width-inherit elementor-widget elementor-widget-heading\" data-id=\"14061d3\" data-element_type=\"widget\" data-e-type=\"widget\" data-widget_type=\"heading.default\">\n\t\t\t\t<div class=\"elementor-widget-container\">\n\t\t\t\t\t<p class=\"elementor-heading-title elementor-size-default\"><a href=\"https:\/\/maps.app.goo.gl\/RCP3ygz1jdwDovKi7?g_st=ipc\">\u00dcmera Service Center and Store<\/a><\/p>\t\t\t\t<\/div>\n\t\t\t\t<\/div>\n\t\t\t\t\t<\/div>\n\t\t\t\t<\/div>\n\t\t<div class=\"elementor-element elementor-element-fefa457 e-flex e-con-boxed e-con e-parent\" data-id=\"fefa457\" data-element_type=\"container\" data-e-type=\"container\">\n\t\t\t\t\t<div class=\"e-con-inner\">\n\t\t<div class=\"elementor-element elementor-element-83f8ecd e-con-full e-flex e-con e-child\" data-id=\"83f8ecd\" data-element_type=\"container\" data-e-type=\"container\">\n\t\t<div class=\"elementor-element elementor-element-cfb9d68 e-con-full e-flex e-con e-child\" data-id=\"cfb9d68\" data-element_type=\"container\" data-e-type=\"container\" data-settings=\"{&quot;background_background&quot;:&quot;classic&quot;}\">\n\t\t\t\t<div class=\"elementor-element elementor-element-581855b elementor-position-inline-start elementor-mobile-position-inline-start elementor-view-default elementor-widget elementor-widget-icon-box\" data-id=\"581855b\" data-element_type=\"widget\" data-e-type=\"widget\" data-widget_type=\"icon-box.default\">\n\t\t\t\t<div class=\"elementor-widget-container\">\n\t\t\t\t\t\t\t<div class=\"elementor-icon-box-wrapper\">\n\n\t\t\t\t\t\t<div class=\"elementor-icon-box-icon\">\n\t\t\t\t<a href=\"https:\/\/maps.app.goo.gl\/RCP3ygz1jdwDovKi7?g_st=ipc\" target=\"_blank\" class=\"elementor-icon\" tabindex=\"-1\" aria-label=\"\u00dcmera 3, II floor, \u00dcmera Center\">\n\t\t\t\t<svg xmlns=\"http:\/\/www.w3.org\/2000\/svg\" width=\"20\" height=\"28\" viewBox=\"0 0 20 28\" fill=\"none\"><path d=\"M10 0C4.47143 0 0 4.382 0 9.8C0 17.15 10 28 10 28C10 28 20 17.15 20 9.8C20 4.382 15.5286 0 10 0ZM10 13.3C9.0528 13.3 8.14439 12.9313 7.47462 12.2749C6.80485 11.6185 6.42857 10.7283 6.42857 9.8C6.42857 8.87174 6.80485 7.9815 7.47462 7.32513C8.14439 6.66875 9.0528 6.3 10 6.3C10.9472 6.3 11.8556 6.66875 12.5254 7.32513C13.1952 7.9815 13.5714 8.87174 13.5714 9.8C13.5714 10.7283 13.1952 11.6185 12.5254 12.2749C11.8556 12.9313 10.9472 13.3 10 13.3Z\" fill=\"#6268E4\"><\/path><\/svg>\t\t\t\t<\/a>\n\t\t\t<\/div>\n\t\t\t\n\t\t\t\t\t\t<div class=\"elementor-icon-box-content\">\n\n\t\t\t\t\t\t\t\t\t<p class=\"elementor-icon-box-title\">\n\t\t\t\t\t\t<a href=\"https:\/\/maps.app.goo.gl\/RCP3ygz1jdwDovKi7?g_st=ipc\" target=\"_blank\" >\n\t\t\t\t\t\t\t\u00dcmera 3, II floor, \u00dcmera Center\t\t\t\t\t\t<\/a>\n\t\t\t\t\t<\/p>\n\t\t\t\t\n\t\t\t\t\n\t\t\t<\/div>\n\t\t\t\n\t\t<\/div>\n\t\t\t\t\t\t<\/div>\n\t\t\t\t<\/div>\n\t\t\t\t<div class=\"elementor-element elementor-element-1677c40 elementor-position-inline-start elementor-mobile-position-inline-start elementor-view-default elementor-widget elementor-widget-icon-box\" data-id=\"1677c40\" data-element_type=\"widget\" data-e-type=\"widget\" data-widget_type=\"icon-box.default\">\n\t\t\t\t<div class=\"elementor-widget-container\">\n\t\t\t\t\t\t\t<div class=\"elementor-icon-box-wrapper\">\n\n\t\t\t\t\t\t<div class=\"elementor-icon-box-icon\">\n\t\t\t\t<span  class=\"elementor-icon\">\n\t\t\t\t<svg xmlns=\"http:\/\/www.w3.org\/2000\/svg\" width=\"24\" height=\"24\" viewBox=\"0 0 24 24\" fill=\"none\"><path d=\"M12 0C5.37288 0 0 5.37288 0 12C0 18.6271 5.37288 24 12 24C18.6271 24 24 18.6271 24 12C24 5.37288 18.6271 0 12 0ZM17.5385 13.8462H12C11.7552 13.8462 11.5204 13.7489 11.3473 13.5758C11.1742 13.4027 11.0769 13.1679 11.0769 12.9231V4.61538C11.0769 4.37057 11.1742 4.13578 11.3473 3.96267C11.5204 3.78956 11.7552 3.69231 12 3.69231C12.2448 3.69231 12.4796 3.78956 12.6527 3.96267C12.8258 4.13578 12.9231 4.37057 12.9231 4.61538V12H17.5385C17.7833 12 18.0181 12.0973 18.1912 12.2704C18.3643 12.4435 18.4615 12.6783 18.4615 12.9231C18.4615 13.1679 18.3643 13.4027 18.1912 13.5758C18.0181 13.7489 17.7833 13.8462 17.5385 13.8462Z\" fill=\"#6268E4\"><\/path><\/svg>\t\t\t\t<\/span>\n\t\t\t<\/div>\n\t\t\t\n\t\t\t\t\t\t<div class=\"elementor-icon-box-content\">\n\n\t\t\t\t\t\t\t\t\t<p class=\"elementor-icon-box-title\">\n\t\t\t\t\t\t<span  >\n\t\t\t\t\t\t\tMon-Fri 10:00 \u2013 18:00; Sat 10:00 - 14:00, Sun By appointment\t\t\t\t\t\t<\/span>\n\t\t\t\t\t<\/p>\n\t\t\t\t\n\t\t\t\t\n\t\t\t<\/div>\n\t\t\t\n\t\t<\/div>\n\t\t\t\t\t\t<\/div>\n\t\t\t\t<\/div>\n\t\t\t\t<div class=\"elementor-element elementor-element-553e6db elementor-position-inline-start elementor-mobile-position-inline-start elementor-view-default elementor-widget elementor-widget-icon-box\" data-id=\"553e6db\" data-element_type=\"widget\" data-e-type=\"widget\" data-widget_type=\"icon-box.default\">\n\t\t\t\t<div class=\"elementor-widget-container\">\n\t\t\t\t\t\t\t<div class=\"elementor-icon-box-wrapper\">\n\n\t\t\t\t\t\t<div class=\"elementor-icon-box-icon\">\n\t\t\t\t<a href=\"tel:+372%20569%20222%2066\" class=\"elementor-icon\" tabindex=\"-1\" aria-label=\"+372 569 222 66\">\n\t\t\t\t<svg xmlns=\"http:\/\/www.w3.org\/2000\/svg\" width=\"24\" height=\"24\" viewBox=\"0 0 24 24\" fill=\"none\"><path d=\"M16.001 17.0566L18.0677 14.9892C18.346 14.7142 18.6982 14.5259 19.0814 14.4473C19.4646 14.3686 19.8625 14.403 20.2265 14.5461L22.7453 15.5522C23.1132 15.7016 23.4287 15.9566 23.652 16.2851C23.8753 16.6136 23.9964 17.0009 24 17.3981V22.013C23.9979 22.2833 23.9411 22.5502 23.8331 22.7979C23.7251 23.0456 23.5681 23.2689 23.3715 23.4543C23.175 23.6397 22.943 23.7834 22.6895 23.8767C22.436 23.9701 22.1662 24.0111 21.8965 23.9974C4.24704 22.8991 0.685788 7.94686 0.0122868 2.22441C-0.0189776 1.9434 0.0095878 1.65895 0.0961037 1.38977C0.18262 1.1206 0.325125 0.872797 0.514246 0.662676C0.703366 0.452554 0.934815 0.284873 1.19337 0.170663C1.45192 0.0564526 1.73171 -0.0016975 2.01434 3.77211e-05H6.47052C6.86817 0.00121524 7.25637 0.121379 7.5852 0.345073C7.91403 0.568768 8.16845 0.885763 8.31573 1.25529L9.32136 3.77501C9.46922 4.1378 9.50694 4.53614 9.42982 4.92025C9.3527 5.30436 9.16415 5.65723 8.88774 5.93478L6.82111 8.00224C6.82111 8.00224 8.01127 16.0598 16.001 17.0566Z\" fill=\"#6268E4\"><\/path><\/svg>\t\t\t\t<\/a>\n\t\t\t<\/div>\n\t\t\t\n\t\t\t\t\t\t<div class=\"elementor-icon-box-content\">\n\n\t\t\t\t\t\t\t\t\t<p class=\"elementor-icon-box-title\">\n\t\t\t\t\t\t<a href=\"tel:+372%20569%20222%2066\" >\n\t\t\t\t\t\t\t+372 569 222 66\t\t\t\t\t\t<\/a>\n\t\t\t\t\t<\/p>\n\t\t\t\t\n\t\t\t\t\n\t\t\t<\/div>\n\t\t\t\n\t\t<\/div>\n\t\t\t\t\t\t<\/div>\n\t\t\t\t<\/div>\n\t\t\t\t<\/div>\n\t\t\t\t<div class=\"elementor-element elementor-element-477a952 elementor-widget elementor-widget-google_maps\" data-id=\"477a952\" data-element_type=\"widget\" data-e-type=\"widget\" data-widget_type=\"google_maps.default\">\n\t\t\t\t<div class=\"elementor-widget-container\">\n\t\t\t\t\t\t\t<div class=\"elementor-custom-embed\">\n\t\t\t<iframe loading=\"lazy\"\n\t\t\t\t\tsrc=\"https:\/\/maps.google.com\/maps?q=Mobiiliabi&#038;t=m&#038;z=11&#038;output=embed&#038;iwloc=near\"\n\t\t\t\t\ttitle=\"Mobiiliabi\"\n\t\t\t\t\taria-label=\"Mobiiliabi\"\n\t\t\t><\/iframe>\n\t\t<\/div>\n\t\t\t\t\t\t<\/div>\n\t\t\t\t<\/div>\n\t\t\t\t<\/div>\n\t\t<div class=\"elementor-element elementor-element-e369d73 e-con-full e-flex e-con e-child\" data-id=\"e369d73\" data-element_type=\"container\" data-e-type=\"container\">\n\t\t\t\t<div class=\"elementor-element elementor-element-b515e75 elementor-button-align-end elementor-widget elementor-widget-form\" data-id=\"b515e75\" data-element_type=\"widget\" data-e-type=\"widget\" data-settings=\"{&quot;step_next_label&quot;:&quot;Next&quot;,&quot;step_previous_label&quot;:&quot;Previous&quot;,&quot;button_width&quot;:&quot;100&quot;,&quot;step_type&quot;:&quot;number_text&quot;,&quot;step_icon_shape&quot;:&quot;circle&quot;}\" data-widget_type=\"form.default\">\n\t\t\t\t<div class=\"elementor-widget-container\">\n\t\t\t\t\t\t\t<form class=\"elementor-form\" method=\"post\" name=\"\u041a\u043e\u043d\u0442\u0430\u043a\u0442\u043d\u0430\u044f \u0444\u043e\u0440\u043c\u0430\" aria-label=\"\u041a\u043e\u043d\u0442\u0430\u043a\u0442\u043d\u0430\u044f \u0444\u043e\u0440\u043c\u0430\">\n\t\t\t<input type=\"hidden\" name=\"post_id\" value=\"848\"\/>\n\t\t\t<input type=\"hidden\" name=\"form_id\" value=\"b515e75\"\/>\n\t\t\t<input type=\"hidden\" name=\"referer_title\" value=\"\" \/>\n\n\t\t\t\n\t\t\t<div class=\"elementor-form-fields-wrapper elementor-labels-\">\n\t\t\t\t\t\t\t\t<div class=\"elementor-field-type-html elementor-field-group elementor-column elementor-field-group-field_77e60f9 elementor-col-75\">\n\t\t\t\t\tIf you have any questions or suggestions, write to us.\t\t\t\t<\/div>\n\t\t\t\t\t\t\t\t<div class=\"elementor-field-type-text elementor-field-group elementor-column elementor-field-group-name elementor-col-100\">\n\t\t\t\t\t\t\t\t\t\t\t\t<label for=\"form-field-name\" class=\"elementor-field-label elementor-screen-only\">\n\t\t\t\t\t\t\t\tFirst and last name\t\t\t\t\t\t\t<\/label>\n\t\t\t\t\t\t\t\t\t\t\t\t\t\t<input size=\"1\" type=\"text\" name=\"form_fields[name]\" id=\"form-field-name\" class=\"elementor-field elementor-size-sm  elementor-field-textual\" placeholder=\"First and last name\">\n\t\t\t\t\t\t\t\t\t\t\t<\/div>\n\t\t\t\t\t\t\t\t<div class=\"elementor-field-type-tel elementor-field-group elementor-column elementor-field-group-field_c64ce8a elementor-col-100 elementor-field-required\">\n\t\t\t\t\t\t\t\t\t\t\t\t<label for=\"form-field-field_c64ce8a\" class=\"elementor-field-label elementor-screen-only\">\n\t\t\t\t\t\t\t\tPhone\t\t\t\t\t\t\t<\/label>\n\t\t\t\t\t\t\t\t<input size=\"1\" type=\"tel\" name=\"form_fields[field_c64ce8a]\" id=\"form-field-field_c64ce8a\" class=\"elementor-field elementor-size-sm  elementor-field-textual\" placeholder=\"Phone\" required=\"required\" pattern=\"[0-9()#&amp;+*-=.]+\" title=\"Only numbers and phone characters (#, -, *, etc) are accepted.\">\n\n\t\t\t\t\t\t<\/div>\n\t\t\t\t\t\t\t\t<div class=\"elementor-field-type-email elementor-field-group elementor-column elementor-field-group-email elementor-col-100 elementor-field-required\">\n\t\t\t\t\t\t\t\t\t\t\t\t<label for=\"form-field-email\" class=\"elementor-field-label elementor-screen-only\">\n\t\t\t\t\t\t\t\tE-mail\t\t\t\t\t\t\t<\/label>\n\t\t\t\t\t\t\t\t\t\t\t\t\t\t<input size=\"1\" type=\"email\" name=\"form_fields[email]\" id=\"form-field-email\" class=\"elementor-field elementor-size-sm  elementor-field-textual\" placeholder=\"E-mail\" required=\"required\">\n\t\t\t\t\t\t\t\t\t\t\t<\/div>\n\t\t\t\t\t\t\t\t<div class=\"elementor-field-type-textarea elementor-field-group elementor-column elementor-field-group-message elementor-col-100\">\n\t\t\t\t\t\t\t\t\t\t\t\t<label for=\"form-field-message\" class=\"elementor-field-label elementor-screen-only\">\n\t\t\t\t\t\t\t\tMessage\t\t\t\t\t\t\t<\/label>\n\t\t\t\t\t\t<textarea class=\"elementor-field-textual elementor-field  elementor-size-sm\" name=\"form_fields[message]\" id=\"form-field-message\" rows=\"5\" placeholder=\"Message\"><\/textarea>\t\t\t\t<\/div>\n\t\t\t\t\t\t\t\t<div class=\"elementor-field-type-recaptcha_v3 elementor-field-group elementor-column elementor-field-group-field_795bc9e elementor-col-100 recaptcha_v3-bottomright\">\n\t\t\t\t\t<div class=\"elementor-field\" id=\"form-field-field_795bc9e\"><div class=\"elementor-g-recaptcha\" data-sitekey=\"6Legu8QsAAAAALfbAKHZ4Dn93iKUcqa7X5ySqSvC\" data-type=\"v3\" data-action=\"Form\" data-badge=\"bottomright\" data-size=\"invisible\"><\/div><\/div>\t\t\t\t<\/div>\n\t\t\t\t\t\t\t\t<div class=\"elementor-field-group elementor-column elementor-field-type-submit elementor-col-100 e-form__buttons\">\n\t\t\t\t\t<button class=\"elementor-button elementor-size-sm\" type=\"submit\">\n\t\t\t\t\t\t<span class=\"elementor-button-content-wrapper\">\n\t\t\t\t\t\t\t\t\t\t\t\t\t\t\t\t\t\t\t\t\t\t<span class=\"elementor-button-text\">Send<\/span>\n\t\t\t\t\t\t\t\t\t\t\t\t\t<\/span>\n\t\t\t\t\t<\/button>\n\t\t\t\t<\/div>\n\t\t\t<\/div>\n\t\t<\/form>\n\t\t\t\t\t\t<\/div>\n\t\t\t\t<\/div>\n\t\t\t\t<\/div>\n\t\t\t\t\t<\/div>\n\t\t\t\t<\/div>\n\t\t\t\t<\/div>\n\t\t","protected":false},"excerpt":{"rendered":"<p>\u00dcmera Service Center and Store \u00dcmera 3, II floor, \u00dcmera Center Mon-Fri 10:00 \u2013 18:00; Sat 10:00 &#8211; 14:00, Sun By appointment +372 569 222 66<\/p>\n","protected":false},"author":30,"featured_media":0,"parent":0,"menu_order":0,"comment_status":"closed","ping_status":"closed","template":"","meta":{"inline_featured_image":false,"footnotes":""},"class_list":["post-848","page","type-page","status-publish","hentry"],"_links":{"self":[{"href":"https:\/\/mobiiliabi.ee\/en\/wp-json\/wp\/v2\/pages\/848","targetHints":{"allow":["GET"]}}],"collection":[{"href":"https:\/\/mobiiliabi.ee\/en\/wp-json\/wp\/v2\/pages"}],"about":[{"href":"https:\/\/mobiiliabi.ee\/en\/wp-json\/wp\/v2\/types\/page"}],"author":[{"embeddable":true,"href":"https:\/\/mobiiliabi.ee\/en\/wp-json\/wp\/v2\/users\/30"}],"replies":[{"embeddable":true,"href":"https:\/\/mobiiliabi.ee\/en\/wp-json\/wp\/v2\/comments?post=848"}],"version-history":[{"count":9,"href":"https:\/\/mobiiliabi.ee\/en\/wp-json\/wp\/v2\/pages\/848\/revisions"}],"predecessor-version":[{"id":609068,"href":"https:\/\/mobiiliabi.ee\/en\/wp-json\/wp\/v2\/pages\/848\/revisions\/609068"}],"wp:attachment":[{"href":"https:\/\/mobiiliabi.ee\/en\/wp-json\/wp\/v2\/media?parent=848"}],"curies":[{"name":"wp","href":"https:\/\/api.w.org\/{rel}","templated":true}]}}